{"id":2,"date":"2026-03-30T09:04:05","date_gmt":"2026-03-30T09:04:05","guid":{"rendered":"https:\/\/amutioabogados.rkinformatika.online\/?page_id=2"},"modified":"2026-03-30T13:51:46","modified_gmt":"2026-03-30T13:51:46","slug":"inicio","status":"publish","type":"page","link":"https:\/\/amutioabogados.es\/eu\/","title":{"rendered":"Hasiera"},"content":{"rendered":"<div data-elementor-type=\"wp-page\" data-elementor-id=\"2\" class=\"elementor elementor-2\" data-elementor-post-type=\"page\">\n\t\t\t\t<div class=\"elementor-element elementor-element-41299ea e-flex e-con-boxed e-con e-parent\" data-id=\"41299ea\" data-element_type=\"container\" data-e-type=\"container\" data-settings=\"{&quot;background_background&quot;:&quot;classic&quot;}\">\n\t\t\t\t\t<div class=\"e-con-inner\">\n\t\t\t\t<div class=\"elementor-element elementor-element-9b1db82 elementor-widget elementor-widget-heading\" data-id=\"9b1db82\" data-element_type=\"widget\" data-e-type=\"widget\" data-widget_type=\"heading.default\">\n\t\t\t\t\t<h2 class=\"elementor-heading-title elementor-size-default\">Amutio Abogados<\/h2>\t\t\t\t<\/div>\n\t\t\t\t\t<\/div>\n\t\t\t\t<\/div>\n\t\t<div class=\"elementor-element elementor-element-2f71b02 e-flex e-con-boxed e-con e-parent\" data-id=\"2f71b02\" data-element_type=\"container\" data-e-type=\"container\">\n\t\t\t\t\t<div class=\"e-con-inner\">\n\t\t<div class=\"elementor-element elementor-element-04112c9 e-con-full e-flex e-con e-child\" data-id=\"04112c9\" data-element_type=\"container\" data-e-type=\"container\">\n\t\t\t\t<div class=\"elementor-element elementor-element-56349dd elementor-widget elementor-widget-heading\" data-id=\"56349dd\" data-element_type=\"widget\" data-e-type=\"widget\" data-widget_type=\"heading.default\">\n\t\t\t\t\t<h2 class=\"elementor-heading-title elementor-size-default\">Aurkezpena<\/h2>\t\t\t\t<\/div>\n\t\t\t\t<div class=\"elementor-element elementor-element-121e513 elementor-widget elementor-widget-text-editor\" data-id=\"121e513\" data-element_type=\"widget\" data-e-type=\"widget\" data-widget_type=\"text-editor.default\">\n\t\t\t\t\t\t\t\t\t<p>Amutio Abogados gara, sektorean ibilbide luzea duen abokatu kabinetea. Gernika-Lumon gaude, Bizkaian.<\/p>\t\t\t\t\t\t\t\t<\/div>\n\t\t\t\t<\/div>\n\t\t<div class=\"elementor-element elementor-element-2cfc5f2 e-con-full e-flex e-con e-child\" data-id=\"2cfc5f2\" data-element_type=\"container\" data-e-type=\"container\">\n\t\t\t\t<div class=\"elementor-element elementor-element-adf6f48 elementor-widget elementor-widget-image\" data-id=\"adf6f48\" data-element_type=\"widget\" data-e-type=\"widget\" data-widget_type=\"image.default\">\n\t\t\t\t\t\t\t\t\t\t\t\t\t\t\t<img decoding=\"async\" src=\"https:\/\/amutioabogados.es\/wp-content\/uploads\/elementor\/thumbs\/laywer_04-rl9qihoi0h0gu3wpmq11m6d4lsgsv2uhy9j0ist7eg.jpg\" title=\"Male lawyer or counselor discussing negotiation legal case with\" alt=\"Male lawyer or counselor discussing negotiation legal case with client meeting with document contract in office, law and justice, attorney, lawsuit concept.\" loading=\"lazy\" \/>\t\t\t\t\t\t\t\t\t\t\t\t\t\t\t<\/div>\n\t\t\t\t<\/div>\n\t\t\t\t\t<\/div>\n\t\t\t\t<\/div>\n\t\t<div class=\"elementor-element elementor-element-19d7703 e-flex e-con-boxed e-con e-parent\" data-id=\"19d7703\" data-element_type=\"container\" data-e-type=\"container\">\n\t\t\t\t\t<div class=\"e-con-inner\">\n\t\t<div class=\"elementor-element elementor-element-747e034 e-con-full e-flex e-con e-child\" data-id=\"747e034\" data-element_type=\"container\" data-e-type=\"container\">\n\t\t\t\t<div class=\"elementor-element elementor-element-4cb4a3d elementor-widget elementor-widget-heading\" data-id=\"4cb4a3d\" data-element_type=\"widget\" data-e-type=\"widget\" data-widget_type=\"heading.default\">\n\t\t\t\t\t<h2 class=\"elementor-heading-title elementor-size-default\">Gu<\/h2>\t\t\t\t<\/div>\n\t\t\t\t<div class=\"elementor-element elementor-element-10bde67 elementor-widget elementor-widget-text-editor\" data-id=\"10bde67\" data-element_type=\"widget\" data-e-type=\"widget\" data-widget_type=\"text-editor.default\">\n\t\t\t\t\t\t\t\t\t<p>Amutio Abokatutan gure esperientzia eta prestakuntza guztia zure esku jartzen dugu. Aholkularitza pertsonalizatu osoa eskaintzen dugu. Gure abokatuak gai dira konponbide fidagarriak azkar emateko. Gure interesik handiena haien itxaropenak gainditzea da.<\/p>\t\t\t\t\t\t\t\t<\/div>\n\t\t\t\t<\/div>\n\t\t<div class=\"elementor-element elementor-element-1712299 e-con-full e-flex e-con e-child\" data-id=\"1712299\" data-element_type=\"container\" data-e-type=\"container\">\n\t\t\t\t<div class=\"elementor-element elementor-element-443d536 elementor-widget elementor-widget-image\" data-id=\"443d536\" data-element_type=\"widget\" data-e-type=\"widget\" data-widget_type=\"image.default\">\n\t\t\t\t\t\t\t\t\t\t\t\t\t\t\t<img decoding=\"async\" src=\"https:\/\/amutioabogados.es\/wp-content\/uploads\/elementor\/thumbs\/lawyer_04-rl9qos7lrjmkk4rnvxy4t377rng9e4tt5er16hhbqw.jpg\" title=\"Gavel and books\" alt=\"Judge gavel and old books\" loading=\"lazy\" \/>\t\t\t\t\t\t\t\t\t\t\t\t\t\t\t<\/div>\n\t\t\t\t<\/div>\n\t\t\t\t\t<\/div>\n\t\t\t\t<\/div>\n\t\t<div class=\"elementor-element elementor-element-46b153e e-flex e-con-boxed e-con e-parent\" data-id=\"46b153e\" data-element_type=\"container\" data-e-type=\"container\" data-settings=\"{&quot;background_background&quot;:&quot;classic&quot;}\">\n\t\t\t\t\t<div class=\"e-con-inner\">\n\t\t<div class=\"elementor-element elementor-element-35ac867 e-con-full e-flex e-con e-child\" data-id=\"35ac867\" data-element_type=\"container\" data-e-type=\"container\" data-settings=\"{&quot;background_background&quot;:&quot;classic&quot;}\">\n\t\t\t\t<div class=\"elementor-element elementor-element-0d84d61 elementor-widget elementor-widget-heading\" data-id=\"0d84d61\" data-element_type=\"widget\" data-e-type=\"widget\" data-widget_type=\"heading.default\">\n\t\t\t\t\t<h2 class=\"elementor-heading-title elementor-size-default\">Zuzenbidean adituak gara.<\/h2>\t\t\t\t<\/div>\n\t\t\t\t<div class=\"elementor-element elementor-element-6447425 elementor-widget elementor-widget-text-editor\" data-id=\"6447425\" data-element_type=\"widget\" data-e-type=\"widget\" data-widget_type=\"text-editor.default\">\n\t\t\t\t\t\t\t\t\t<p>Ezagutu gehiago gure zerbitzuei buruz.<\/p>\t\t\t\t\t\t\t\t<\/div>\n\t\t\t\t<div class=\"elementor-element elementor-element-f8e9c9b elementor-widget elementor-widget-button\" data-id=\"f8e9c9b\" data-element_type=\"widget\" data-e-type=\"widget\" data-widget_type=\"button.default\">\n\t\t\t\t\t\t\t\t\t\t<a class=\"elementor-button elementor-button-link elementor-size-sm elementor-animation-grow\" href=\"\/eu\/servicios\/\">\n\t\t\t\t\t\t<span class=\"elementor-button-content-wrapper\">\n\t\t\t\t\t\t\t\t\t<span class=\"elementor-button-text\">Zerbitzuak<\/span>\n\t\t\t\t\t<\/span>\n\t\t\t\t\t<\/a>\n\t\t\t\t\t\t\t\t<\/div>\n\t\t\t\t<\/div>\n\t\t\t\t\t<\/div>\n\t\t\t\t<\/div>\n\t\t\t\t<\/div>","protected":false},"excerpt":{"rendered":"<p>Amutio Abogados Presentaci\u00f3n Somos\u00a0Amutio Abogados, un gabinete de abogados con amplia trayectoria en el sector. Estamos ubicados en la localidad\u00a0Bizkaia\u00a0de\u00a0Gernika-Lumo. Nosotros En Amutio Abogados ponemos a su disposici\u00f3n toda nuestra experiencia y formaci\u00f3n. Nos caracterizamos por ofrecer un completo asesoramiento personalizado. Nuestros abogados est\u00e1n capacitados para proporcionar soluciones fiables con rapidez. Nuestro mayor inter\u00e9s es [&hellip;]<\/p>\n","protected":false},"author":1,"featured_media":0,"parent":0,"menu_order":0,"comment_status":"closed","ping_status":"closed","template":"elementor_canvas","meta":{"footnotes":""},"class_list":["post-2","page","type-page","status-publish","hentry"],"yoast_head":"<!-- This site is optimized with the Yoast SEO plugin v27.4 - https:\/\/yoast.com\/product\/yoast-seo-wordpress\/ -->\n<title>Inicio - Amutio Abogados<\/title>\n<meta name=\"robots\" content=\"index, follow, max-snippet:-1, max-image-preview:large, max-video-preview:-1\" \/>\n<link rel=\"canonical\" href=\"https:\/\/amutioabogados.es\/eu\/\" \/>\n<meta property=\"og:locale\" content=\"en_US\" \/>\n<meta property=\"og:type\" content=\"article\" \/>\n<meta property=\"og:title\" content=\"Inicio - Amutio Abogados\" \/>\n<meta property=\"og:description\" content=\"Amutio Abogados Presentaci\u00f3n Somos\u00a0Amutio Abogados, un gabinete de abogados con amplia trayectoria en el sector. Estamos ubicados en la localidad\u00a0Bizkaia\u00a0de\u00a0Gernika-Lumo. Nosotros En Amutio Abogados ponemos a su disposici\u00f3n toda nuestra experiencia y formaci\u00f3n. Nos caracterizamos por ofrecer un completo asesoramiento personalizado. Nuestros abogados est\u00e1n capacitados para proporcionar soluciones fiables con rapidez. Nuestro mayor inter\u00e9s es [&hellip;]\" \/>\n<meta property=\"og:url\" content=\"https:\/\/amutioabogados.es\/eu\/\" \/>\n<meta property=\"og:site_name\" content=\"Amutio Abogados\" \/>\n<meta property=\"article:modified_time\" content=\"2026-03-30T13:51:46+00:00\" \/>\n<meta property=\"og:image\" content=\"https:\/\/amutioabogados.es\/wp-content\/uploads\/elementor\/thumbs\/laywer_04-rl9qihoi0h0gu3wpmq11m6d4lsgsv2uhy9j0ist7eg.jpg\" \/>\n<meta name=\"twitter:card\" content=\"summary_large_image\" \/>\n<meta name=\"twitter:label1\" content=\"Est. reading time\" \/>\n\t<meta name=\"twitter:data1\" content=\"1 minutua\" \/>\n<script type=\"application\/ld+json\" class=\"yoast-schema-graph\">{\"@context\":\"https:\\\/\\\/schema.org\",\"@graph\":[{\"@type\":\"WebPage\",\"@id\":\"https:\\\/\\\/amutioabogados.es\\\/\",\"url\":\"https:\\\/\\\/amutioabogados.es\\\/\",\"name\":\"Inicio - Amutio Abogados\",\"isPartOf\":{\"@id\":\"https:\\\/\\\/amutioabogados.es\\\/#website\"},\"primaryImageOfPage\":{\"@id\":\"https:\\\/\\\/amutioabogados.es\\\/#primaryimage\"},\"image\":{\"@id\":\"https:\\\/\\\/amutioabogados.es\\\/#primaryimage\"},\"thumbnailUrl\":\"https:\\\/\\\/amutioabogados.es\\\/wp-content\\\/uploads\\\/elementor\\\/thumbs\\\/laywer_04-rl9qihoi0h0gu3wpmq11m6d4lsgsv2uhy9j0ist7eg.jpg\",\"datePublished\":\"2026-03-30T09:04:05+00:00\",\"dateModified\":\"2026-03-30T13:51:46+00:00\",\"breadcrumb\":{\"@id\":\"https:\\\/\\\/amutioabogados.es\\\/#breadcrumb\"},\"inLanguage\":\"eu\",\"potentialAction\":[{\"@type\":\"ReadAction\",\"target\":[\"https:\\\/\\\/amutioabogados.es\\\/\"]}]},{\"@type\":\"ImageObject\",\"inLanguage\":\"eu\",\"@id\":\"https:\\\/\\\/amutioabogados.es\\\/#primaryimage\",\"url\":\"https:\\\/\\\/amutioabogados.es\\\/wp-content\\\/uploads\\\/elementor\\\/thumbs\\\/laywer_04-rl9qihoi0h0gu3wpmq11m6d4lsgsv2uhy9j0ist7eg.jpg\",\"contentUrl\":\"https:\\\/\\\/amutioabogados.es\\\/wp-content\\\/uploads\\\/elementor\\\/thumbs\\\/laywer_04-rl9qihoi0h0gu3wpmq11m6d4lsgsv2uhy9j0ist7eg.jpg\"},{\"@type\":\"BreadcrumbList\",\"@id\":\"https:\\\/\\\/amutioabogados.es\\\/#breadcrumb\",\"itemListElement\":[{\"@type\":\"ListItem\",\"position\":1,\"name\":\"Portada\",\"item\":\"https:\\\/\\\/amutioabogados.es\\\/\"},{\"@type\":\"ListItem\",\"position\":2,\"name\":\"Inicio\"}]},{\"@type\":\"WebSite\",\"@id\":\"https:\\\/\\\/amutioabogados.es\\\/#website\",\"url\":\"https:\\\/\\\/amutioabogados.es\\\/\",\"name\":\"Amutio Abogados\",\"description\":\"Abogados especializados en civil, familia, penal y gestiones notariales en Gernika-Lumo \\\/ +34 946 250 809\",\"publisher\":{\"@id\":\"https:\\\/\\\/amutioabogados.es\\\/#organization\"},\"potentialAction\":[{\"@type\":\"SearchAction\",\"target\":{\"@type\":\"EntryPoint\",\"urlTemplate\":\"https:\\\/\\\/amutioabogados.es\\\/?s={search_term_string}\"},\"query-input\":{\"@type\":\"PropertyValueSpecification\",\"valueRequired\":true,\"valueName\":\"search_term_string\"}}],\"inLanguage\":\"eu\"},{\"@type\":\"Organization\",\"@id\":\"https:\\\/\\\/amutioabogados.es\\\/#organization\",\"name\":\"Amutio Abogados\",\"url\":\"https:\\\/\\\/amutioabogados.es\\\/\",\"logo\":{\"@type\":\"ImageObject\",\"inLanguage\":\"eu\",\"@id\":\"https:\\\/\\\/amutioabogados.es\\\/#\\\/schema\\\/logo\\\/image\\\/\",\"url\":\"https:\\\/\\\/amutioabogados.es\\\/wp-content\\\/uploads\\\/2026\\\/03\\\/amutioabogados202603_logo_web-scaled.png\",\"contentUrl\":\"https:\\\/\\\/amutioabogados.es\\\/wp-content\\\/uploads\\\/2026\\\/03\\\/amutioabogados202603_logo_web-scaled.png\",\"width\":2560,\"height\":1001,\"caption\":\"Amutio Abogados\"},\"image\":{\"@id\":\"https:\\\/\\\/amutioabogados.es\\\/#\\\/schema\\\/logo\\\/image\\\/\"}}]}<\/script>\n<!-- \/ Yoast SEO plugin. -->","yoast_head_json":{"title":"Inicio - Amutio Abogados","robots":{"index":"index","follow":"follow","max-snippet":"max-snippet:-1","max-image-preview":"max-image-preview:large","max-video-preview":"max-video-preview:-1"},"canonical":"https:\/\/amutioabogados.es\/eu\/","og_locale":"en_US","og_type":"article","og_title":"Inicio - Amutio Abogados","og_description":"Amutio Abogados Presentaci\u00f3n Somos\u00a0Amutio Abogados, un gabinete de abogados con amplia trayectoria en el sector. Estamos ubicados en la localidad\u00a0Bizkaia\u00a0de\u00a0Gernika-Lumo. Nosotros En Amutio Abogados ponemos a su disposici\u00f3n toda nuestra experiencia y formaci\u00f3n. Nos caracterizamos por ofrecer un completo asesoramiento personalizado. Nuestros abogados est\u00e1n capacitados para proporcionar soluciones fiables con rapidez. Nuestro mayor inter\u00e9s es [&hellip;]","og_url":"https:\/\/amutioabogados.es\/eu\/","og_site_name":"Amutio Abogados","article_modified_time":"2026-03-30T13:51:46+00:00","og_image":[{"url":"https:\/\/amutioabogados.es\/wp-content\/uploads\/elementor\/thumbs\/laywer_04-rl9qihoi0h0gu3wpmq11m6d4lsgsv2uhy9j0ist7eg.jpg","type":"","width":"","height":""}],"twitter_card":"summary_large_image","twitter_misc":{"Est. reading time":"1 minutua"},"schema":{"@context":"https:\/\/schema.org","@graph":[{"@type":"WebPage","@id":"https:\/\/amutioabogados.es\/","url":"https:\/\/amutioabogados.es\/","name":"Inicio - Amutio Abogados","isPartOf":{"@id":"https:\/\/amutioabogados.es\/#website"},"primaryImageOfPage":{"@id":"https:\/\/amutioabogados.es\/#primaryimage"},"image":{"@id":"https:\/\/amutioabogados.es\/#primaryimage"},"thumbnailUrl":"https:\/\/amutioabogados.es\/wp-content\/uploads\/elementor\/thumbs\/laywer_04-rl9qihoi0h0gu3wpmq11m6d4lsgsv2uhy9j0ist7eg.jpg","datePublished":"2026-03-30T09:04:05+00:00","dateModified":"2026-03-30T13:51:46+00:00","breadcrumb":{"@id":"https:\/\/amutioabogados.es\/#breadcrumb"},"inLanguage":"eu","potentialAction":[{"@type":"ReadAction","target":["https:\/\/amutioabogados.es\/"]}]},{"@type":"ImageObject","inLanguage":"eu","@id":"https:\/\/amutioabogados.es\/#primaryimage","url":"https:\/\/amutioabogados.es\/wp-content\/uploads\/elementor\/thumbs\/laywer_04-rl9qihoi0h0gu3wpmq11m6d4lsgsv2uhy9j0ist7eg.jpg","contentUrl":"https:\/\/amutioabogados.es\/wp-content\/uploads\/elementor\/thumbs\/laywer_04-rl9qihoi0h0gu3wpmq11m6d4lsgsv2uhy9j0ist7eg.jpg"},{"@type":"BreadcrumbList","@id":"https:\/\/amutioabogados.es\/#breadcrumb","itemListElement":[{"@type":"ListItem","position":1,"name":"Portada","item":"https:\/\/amutioabogados.es\/"},{"@type":"ListItem","position":2,"name":"Inicio"}]},{"@type":"WebSite","@id":"https:\/\/amutioabogados.es\/#website","url":"https:\/\/amutioabogados.es\/","name":"Amutio Abogados","description":"Abogados especializados en civil, familia, penal y gestiones notariales en Gernika-Lumo \/ +34 946 250 809","publisher":{"@id":"https:\/\/amutioabogados.es\/#organization"},"potentialAction":[{"@type":"SearchAction","target":{"@type":"EntryPoint","urlTemplate":"https:\/\/amutioabogados.es\/?s={search_term_string}"},"query-input":{"@type":"PropertyValueSpecification","valueRequired":true,"valueName":"search_term_string"}}],"inLanguage":"eu"},{"@type":"Organization","@id":"https:\/\/amutioabogados.es\/#organization","name":"Amutio Abogados","url":"https:\/\/amutioabogados.es\/","logo":{"@type":"ImageObject","inLanguage":"eu","@id":"https:\/\/amutioabogados.es\/#\/schema\/logo\/image\/","url":"https:\/\/amutioabogados.es\/wp-content\/uploads\/2026\/03\/amutioabogados202603_logo_web-scaled.png","contentUrl":"https:\/\/amutioabogados.es\/wp-content\/uploads\/2026\/03\/amutioabogados202603_logo_web-scaled.png","width":2560,"height":1001,"caption":"Amutio Abogados"},"image":{"@id":"https:\/\/amutioabogados.es\/#\/schema\/logo\/image\/"}}]}},"_links":{"self":[{"href":"https:\/\/amutioabogados.es\/eu\/wp-json\/wp\/v2\/pages\/2","targetHints":{"allow":["GET"]}}],"collection":[{"href":"https:\/\/amutioabogados.es\/eu\/wp-json\/wp\/v2\/pages"}],"about":[{"href":"https:\/\/amutioabogados.es\/eu\/wp-json\/wp\/v2\/types\/page"}],"author":[{"embeddable":true,"href":"https:\/\/amutioabogados.es\/eu\/wp-json\/wp\/v2\/users\/1"}],"replies":[{"embeddable":true,"href":"https:\/\/amutioabogados.es\/eu\/wp-json\/wp\/v2\/comments?post=2"}],"version-history":[{"count":58,"href":"https:\/\/amutioabogados.es\/eu\/wp-json\/wp\/v2\/pages\/2\/revisions"}],"predecessor-version":[{"id":233,"href":"https:\/\/amutioabogados.es\/eu\/wp-json\/wp\/v2\/pages\/2\/revisions\/233"}],"wp:attachment":[{"href":"https:\/\/amutioabogados.es\/eu\/wp-json\/wp\/v2\/media?parent=2"}],"curies":[{"name":"wp","href":"https:\/\/api.w.org\/{rel}","templated":true}]}}